{"id":689,"date":"2024-07-30T17:56:33","date_gmt":"2024-07-30T17:56:33","guid":{"rendered":"https:\/\/weldmation.mx\/?page_id=689"},"modified":"2024-07-30T17:59:03","modified_gmt":"2024-07-30T17:59:03","slug":"terminos-y-condiciones","status":"publish","type":"page","link":"https:\/\/weldmation.mx\/?page_id=689","title":{"rendered":"T\u00e9rminos y condiciones"},"content":{"rendered":"\t\t<div data-elementor-type=\"wp-page\" data-elementor-id=\"689\" class=\"elementor elementor-689\">\n\t\t\t\t<div class=\"elementor-element elementor-element-f60e3e6 e-flex e-con-boxed e-con e-parent\" data-id=\"f60e3e6\" data-element_type=\"container\">\n\t\t\t\t\t<div class=\"e-con-inner\">\n\t\t\t\t<div class=\"elementor-element elementor-element-59d8979 elementor-widget elementor-widget-heading\" data-id=\"59d8979\" data-element_type=\"widget\" data-widget_type=\"heading.default\">\n\t\t\t\t<div class=\"elementor-widget-container\">\n\t\t\t<style>\/*! elementor - v3.23.0 - 15-07-2024 *\/\n.elementor-heading-title{padding:0;margin:0;line-height:1}.elementor-widget-heading .elementor-heading-title[class*=elementor-size-]>a{color:inherit;font-size:inherit;line-height:inherit}.elementor-widget-heading .elementor-heading-title.elementor-size-small{font-size:15px}.elementor-widget-heading .elementor-heading-title.elementor-size-medium{font-size:19px}.elementor-widget-heading .elementor-heading-title.elementor-size-large{font-size:29px}.elementor-widget-heading .elementor-heading-title.elementor-size-xl{font-size:39px}.elementor-widget-heading .elementor-heading-title.elementor-size-xxl{font-size:59px}<\/style><h2 class=\"elementor-heading-title elementor-size-default\">T\u00c9RMINOS Y CONDICIONES<\/h2>\t\t<\/div>\n\t\t\t\t<\/div>\n\t\t\t\t<div class=\"elementor-element elementor-element-925e5c7 elementor-widget elementor-widget-text-editor\" data-id=\"925e5c7\" data-element_type=\"widget\" data-widget_type=\"text-editor.default\">\n\t\t\t\t<div class=\"elementor-widget-container\">\n\t\t\t<style>\/*! elementor - v3.23.0 - 15-07-2024 *\/\n.elementor-widget-text-editor.elementor-drop-cap-view-stacked .elementor-drop-cap{background-color:#69727d;color:#fff}.elementor-widget-text-editor.elementor-drop-cap-view-framed .elementor-drop-cap{color:#69727d;border:3px solid;background-color:transparent}.elementor-widget-text-editor:not(.elementor-drop-cap-view-default) .elementor-drop-cap{margin-top:8px}.elementor-widget-text-editor:not(.elementor-drop-cap-view-default) .elementor-drop-cap-letter{width:1em;height:1em}.elementor-widget-text-editor .elementor-drop-cap{float:left;text-align:center;line-height:1;font-size:50px}.elementor-widget-text-editor .elementor-drop-cap-letter{display:inline-block}<\/style>\t\t\t\t<p>\u00daltima actualizaci\u00f3n: 29 DE JULIO DEL 2024<\/p>\t\t\t\t\t\t<\/div>\n\t\t\t\t<\/div>\n\t\t\t\t<div class=\"elementor-element elementor-element-b21430f elementor-widget__width-initial elementor-widget elementor-widget-text-editor\" data-id=\"b21430f\" data-element_type=\"widget\" data-widget_type=\"text-editor.default\">\n\t\t\t\t<div class=\"elementor-widget-container\">\n\t\t\t\t\t\t\t<p class=\"p1\">1. Aceptaci\u00f3n de los T\u00e9rminos<\/p><p class=\"p1\">Al acceder y utilizar el sitio web de Weldmation de Mexico (\u201cnosotros\u201d o \u201cnuestro\u201d), usted acepta estar sujeto a estos T\u00e9rminos y Condiciones, as\u00ed como a nuestra Pol\u00edtica de Privacidad. Si no est\u00e1 de acuerdo con estos t\u00e9rminos, por favor, no utilice nuestro sitio web.<\/p><p class=\"p1\">2. Servicios Ofrecidos<\/p><p class=\"p1\">Weldmation de Mexico proporciona servicios de reclutamiento y contrataci\u00f3n de profesionistas, as\u00ed como servicios especializados de soldadura y trabajos manuales. Nuestros servicios est\u00e1n disponibles para individuos y empresas que cumplan con nuestros criterios de elegibilidad.<\/p><p class=\"p1\">3. Elegibilidad<\/p><p class=\"p1\">Para utilizar nuestros servicios, usted debe tener al menos 18 a\u00f1os de edad y contar con la capacidad legal para celebrar contratos vinculantes. Al registrarse, usted garantiza que cumple con estos requisitos y que toda la informaci\u00f3n proporcionada es verdadera, precisa y completa.<\/p><p class=\"p1\">4. Registro y Cuenta<\/p><p class=\"p1\">Para acceder a ciertos servicios, es posible que deba crear una cuenta en nuestro sitio web. Usted es responsable de mantener la confidencialidad de su cuenta y contrase\u00f1a, y acepta notificar a Weldmation de Mexico de inmediato sobre cualquier uso no autorizado de su cuenta.<\/p><p class=\"p1\">5. Uso Aceptable<\/p><p class=\"p1\">Usted se compromete a utilizar nuestro sitio web y servicios de manera legal y apropiada. Queda prohibido:<\/p><p class=\"p1\">\u2022 Utilizar el sitio web para cualquier prop\u00f3sito ilegal o no autorizado.<\/p><p class=\"p1\">\u2022 Falsificar su identidad o su relaci\u00f3n con cualquier persona o entidad.<\/p><p class=\"p1\">\u2022 Interferir con el funcionamiento del sitio web o los servidores que lo albergan.<\/p><p class=\"p1\">\u2022 Recopilar o almacenar informaci\u00f3n personal de otros usuarios sin su consentimiento.<\/p><p class=\"p1\">6. Propiedad Intelectual<\/p><p class=\"p1\">Todo el contenido y materiales en nuestro sitio web, incluyendo, pero no limitado a textos, gr\u00e1ficos, logos, im\u00e1genes y software, son propiedad de Weldmation de Mexico o de sus licenciantes y est\u00e1n protegidos por leyes de propiedad intelectual. Usted no puede copiar, reproducir, distribuir o crear trabajos derivados de cualquier contenido sin nuestro permiso previo por escrito.7.<\/p><p class=\"p1\">Limitaci\u00f3n de Responsabilidad<\/p><p class=\"p1\">En la medida m\u00e1xima permitida por la ley, Weldmation de Mexico no ser\u00e1 responsable por cualquier da\u00f1o directo, indirecto, incidental, especial o consecuente que resulte del uso o la imposibilidad de uso de nuestro sitio web o servicios, incluso si hemos sido informados de la posibilidad de tales da\u00f1os.<\/p><p class=\"p1\">8. Enlaces a Terceros<\/p><p class=\"p1\">Nuestro sitio web puede contener enlaces a sitios web de terceros. Estos enlaces se proporcionan \u00fanicamente para su conveniencia y no implican nuestra aprobaci\u00f3n o respaldo del contenido de esos sitios. No somos responsables del contenido o las pr\u00e1cticas de privacidad de los sitios web de terceros.<\/p><p class=\"p1\">9. Modificaciones a los T\u00e9rminos<\/p><p class=\"p1\">Nos reservamos el derecho de modificar estos T\u00e9rminos y Condiciones en cualquier momento. Le notificaremos cualquier cambio significativo a trav\u00e9s de nuestro sitio web o por otros medios adecuados. Su uso continuado del sitio web despu\u00e9s de la publicaci\u00f3n de los cambios constituir\u00e1 su aceptaci\u00f3n de dichos cambios.<\/p><p class=\"p1\">10. Ley Aplicable y Jurisdicci\u00f3n<\/p><p class=\"p1\">Estos T\u00e9rminos y Condiciones se regir\u00e1n e interpretar\u00e1n de acuerdo con las leyes de M\u00e9xico. Usted acepta someterse a la jurisdicci\u00f3n exclusiva de los tribunales competentes en Saltillo, Coahuila, para la resoluci\u00f3n de cualquier disputa que surja en relaci\u00f3n con estos t\u00e9rminos.<\/p><p class=\"p1\">11. Contacto<\/p><p class=\"p1\">Si tiene preguntas o inquietudes sobre estos T\u00e9rminos y Condiciones, puede contactarnos en:<\/p><p class=\"p1\">Weldmation de M\u00e9xico<\/p><p class=\"p1\"><strong>Vito Alessio Robles 3045 interior 20 Colonia Nazario Ortiz Garza en Saltillo, Coahuila CP 25100.<\/strong><\/p><p class=\"p2\"><strong><span class=\"s1\">Correo contacto: <\/span>informacionventas@weldmation.mx<\/strong><\/p><p class=\"p1\"><strong>Tel\u00e9fono de contacto: 8442721406<\/strong><\/p>\t\t\t\t\t\t<\/div>\n\t\t\t\t<\/div>\n\t\t\t\t\t<\/div>\n\t\t\t\t<\/div>\n\t\t\t\t<\/div>\n\t\t","protected":false},"excerpt":{"rendered":"<p>T\u00c9RMINOS Y CONDICIONES \u00daltima actualizaci\u00f3n: 29 DE JULIO DEL 2024 1. Aceptaci\u00f3n de los T\u00e9rminos Al acceder y utilizar el [&hellip;]<\/p>\n","protected":false},"author":1,"featured_media":0,"parent":0,"menu_order":0,"comment_status":"closed","ping_status":"closed","template":"","meta":{"site-sidebar-layout":"no-sidebar","site-content-layout":"","ast-site-content-layout":"full-width-container","site-content-style":"default","site-sidebar-style":"default","ast-global-header-display":"","ast-banner-title-visibility":"","ast-main-header-display":"","ast-hfb-above-header-display":"","ast-hfb-below-header-display":"","ast-hfb-mobile-header-display":"","site-post-title":"disabled","ast-breadcrumbs-content":"","ast-featured-img":"disabled","footer-sml-layout":"","theme-transparent-header-meta":"","adv-header-id-meta":"","stick-header-meta":"","header-above-stick-meta":"","header-main-stick-meta":"","header-below-stick-meta":"","astra-migrate-meta-layouts":"default","ast-page-background-enabled":"default","ast-page-background-meta":{"desktop":{"background-color":"var(--ast-global-color-4)","background-image":"","background-repeat":"repeat","background-position":"center center","background-size":"auto","background-attachment":"scroll","background-type":"","background-media":"","overlay-type":"","overlay-color":"","overlay-opacity":"","overlay-gradient":""},"tablet":{"background-color":"","background-image":"","background-repeat":"repeat","background-position":"center center","background-size":"auto","background-attachment":"scroll","background-type":"","background-media":"","overlay-type":"","overlay-color":"","overlay-opacity":"","overlay-gradient":""},"mobile":{"background-color":"","background-image":"","background-repeat":"repeat","background-position":"center center","background-size":"auto","background-attachment":"scroll","background-type":"","background-media":"","overlay-type":"","overlay-color":"","overlay-opacity":"","overlay-gradient":""}},"ast-content-background-meta":{"desktop":{"background-color":"var(--ast-global-color-5)","background-image":"","background-repeat":"repeat","background-position":"center center","background-size":"auto","background-attachment":"scroll","background-type":"","background-media":"","overlay-type":"","overlay-color":"","overlay-opacity":"","overlay-gradient":""},"tablet":{"background-color":"var(--ast-global-color-5)","background-image":"","background-repeat":"repeat","background-position":"center center","background-size":"auto","background-attachment":"scroll","background-type":"","background-media":"","overlay-type":"","overlay-color":"","overlay-opacity":"","overlay-gradient":""},"mobile":{"background-color":"var(--ast-global-color-5)","background-image":"","background-repeat":"repeat","background-position":"center center","background-size":"auto","background-attachment":"scroll","background-type":"","background-media":"","overlay-type":"","overlay-color":"","overlay-opacity":"","overlay-gradient":""}},"_joinchat":[],"footnotes":""},"class_list":["post-689","page","type-page","status-publish","hentry"],"_links":{"self":[{"href":"https:\/\/weldmation.mx\/index.php?rest_route=\/wp\/v2\/pages\/689"}],"collection":[{"href":"https:\/\/weldmation.mx\/index.php?rest_route=\/wp\/v2\/pages"}],"about":[{"href":"https:\/\/weldmation.mx\/index.php?rest_route=\/wp\/v2\/types\/page"}],"author":[{"embeddable":true,"href":"https:\/\/weldmation.mx\/index.php?rest_route=\/wp\/v2\/users\/1"}],"replies":[{"embeddable":true,"href":"https:\/\/weldmation.mx\/index.php?rest_route=%2Fwp%2Fv2%2Fcomments&post=689"}],"version-history":[{"count":4,"href":"https:\/\/weldmation.mx\/index.php?rest_route=\/wp\/v2\/pages\/689\/revisions"}],"predecessor-version":[{"id":693,"href":"https:\/\/weldmation.mx\/index.php?rest_route=\/wp\/v2\/pages\/689\/revisions\/693"}],"wp:attachment":[{"href":"https:\/\/weldmation.mx\/index.php?rest_route=%2Fwp%2Fv2%2Fmedia&parent=689"}],"curies":[{"name":"wp","href":"https:\/\/api.w.org\/{rel}","templated":true}]}}