{"id":173,"date":"2024-06-13T23:52:24","date_gmt":"2024-06-13T23:52:24","guid":{"rendered":"https:\/\/weldmation.mx\/?page_id=173"},"modified":"2024-07-11T02:20:05","modified_gmt":"2024-07-11T02:20:05","slug":"servicios","status":"publish","type":"page","link":"https:\/\/weldmation.mx\/?page_id=173","title":{"rendered":"Servicios"},"content":{"rendered":"\t\t<div data-elementor-type=\"wp-page\" data-elementor-id=\"173\" class=\"elementor elementor-173\">\n\t\t\t\t<div class=\"elementor-element elementor-element-a4db1af e-con-full e-flex e-con e-parent\" data-id=\"a4db1af\" data-element_type=\"container\" data-settings=\"{&quot;background_background&quot;:&quot;classic&quot;}\">\n\t\t<div class=\"elementor-element elementor-element-59083a0 e-con-full e-flex e-con e-child\" data-id=\"59083a0\" data-element_type=\"container\" data-settings=\"{&quot;background_background&quot;:&quot;video&quot;}\">\n\t\t<div class=\"elementor-element elementor-element-a95362a e-con-full e-flex e-con e-child\" data-id=\"a95362a\" data-element_type=\"container\">\n\t\t\t\t<div class=\"elementor-element elementor-element-a589bca elementor-widget__width-inherit elementor-widget-mobile__width-initial elementor-widget elementor-widget-heading\" data-id=\"a589bca\" data-element_type=\"widget\" data-widget_type=\"heading.default\">\n\t\t\t\t<div class=\"elementor-widget-container\">\n\t\t\t<style>\/*! elementor - v3.23.0 - 15-07-2024 *\/\n.elementor-heading-title{padding:0;margin:0;line-height:1}.elementor-widget-heading .elementor-heading-title[class*=elementor-size-]>a{color:inherit;font-size:inherit;line-height:inherit}.elementor-widget-heading .elementor-heading-title.elementor-size-small{font-size:15px}.elementor-widget-heading .elementor-heading-title.elementor-size-medium{font-size:19px}.elementor-widget-heading .elementor-heading-title.elementor-size-large{font-size:29px}.elementor-widget-heading .elementor-heading-title.elementor-size-xl{font-size:39px}.elementor-widget-heading .elementor-heading-title.elementor-size-xxl{font-size:59px}<\/style><h2 class=\"elementor-heading-title elementor-size-default\">nuestros servicios<\/h2>\t\t<\/div>\n\t\t\t\t<\/div>\n\t\t\t\t<div class=\"elementor-element elementor-element-88f30fb elementor-widget__width-initial elementor-widget elementor-widget-heading\" data-id=\"88f30fb\" data-element_type=\"widget\" data-widget_type=\"heading.default\">\n\t\t\t\t<div class=\"elementor-widget-container\">\n\t\t\t<h2 class=\"elementor-heading-title elementor-size-default\">En Weldmation, ofrecemos una gama integral de Servicios Profesionales Especializados para diversas industrias<\/h2>\t\t<\/div>\n\t\t\t\t<\/div>\n\t\t\t\t<\/div>\n\t\t<div class=\"elementor-element elementor-element-f08da93 e-flex e-con-boxed e-con e-child\" data-id=\"f08da93\" data-element_type=\"container\" data-settings=\"{&quot;background_background&quot;:&quot;classic&quot;}\">\n\t\t\t\t\t<div class=\"e-con-inner\">\n\t\t\t\t<div class=\"elementor-element elementor-element-b055329 elementor-widget elementor-widget-image\" data-id=\"b055329\" data-element_type=\"widget\" data-widget_type=\"image.default\">\n\t\t\t\t<div class=\"elementor-widget-container\">\n\t\t\t<style>\/*! elementor - v3.23.0 - 15-07-2024 *\/\n.elementor-widget-image{text-align:center}.elementor-widget-image a{display:inline-block}.elementor-widget-image a img[src$=\".svg\"]{width:48px}.elementor-widget-image img{vertical-align:middle;display:inline-block}<\/style>\t\t\t\t\t\t\t\t\t\t<img fetchpriority=\"high\" decoding=\"async\" width=\"405\" height=\"169\" src=\"https:\/\/weldmation.mx\/wp-content\/uploads\/2024\/06\/E_REPSE_HOME.png\" class=\"attachment-large size-large wp-image-162\" alt=\"\" srcset=\"https:\/\/weldmation.mx\/wp-content\/uploads\/2024\/06\/E_REPSE_HOME.png 405w, https:\/\/weldmation.mx\/wp-content\/uploads\/2024\/06\/E_REPSE_HOME-300x125.png 300w\" sizes=\"(max-width: 405px) 100vw, 405px\" \/>\t\t\t\t\t\t\t\t\t\t\t\t\t<\/div>\n\t\t\t\t<\/div>\n\t\t\t\t\t<\/div>\n\t\t\t\t<\/div>\n\t\t\t\t<\/div>\n\t\t\t\t<div class=\"elementor-element elementor-element-627dfa3 elementor-widget elementor-widget-spacer\" data-id=\"627dfa3\" data-element_type=\"widget\" data-widget_type=\"spacer.default\">\n\t\t\t\t<div class=\"elementor-widget-container\">\n\t\t\t<style>\/*! elementor - v3.23.0 - 15-07-2024 *\/\n.elementor-column .elementor-spacer-inner{height:var(--spacer-size)}.e-con{--container-widget-width:100%}.e-con-inner>.elementor-widget-spacer,.e-con>.elementor-widget-spacer{width:var(--container-widget-width,var(--spacer-size));--align-self:var(--container-widget-align-self,initial);--flex-shrink:0}.e-con-inner>.elementor-widget-spacer>.elementor-widget-container,.e-con>.elementor-widget-spacer>.elementor-widget-container{height:100%;width:100%}.e-con-inner>.elementor-widget-spacer>.elementor-widget-container>.elementor-spacer,.e-con>.elementor-widget-spacer>.elementor-widget-container>.elementor-spacer{height:100%}.e-con-inner>.elementor-widget-spacer>.elementor-widget-container>.elementor-spacer>.elementor-spacer-inner,.e-con>.elementor-widget-spacer>.elementor-widget-container>.elementor-spacer>.elementor-spacer-inner{height:var(--container-widget-height,var(--spacer-size))}.e-con-inner>.elementor-widget-spacer.elementor-widget-empty,.e-con>.elementor-widget-spacer.elementor-widget-empty{position:relative;min-height:22px;min-width:22px}.e-con-inner>.elementor-widget-spacer.elementor-widget-empty .elementor-widget-empty-icon,.e-con>.elementor-widget-spacer.elementor-widget-empty .elementor-widget-empty-icon{position:absolute;top:0;bottom:0;left:0;right:0;margin:auto;padding:0;width:22px;height:22px}<\/style>\t\t<div class=\"elementor-spacer\">\n\t\t\t<div class=\"elementor-spacer-inner\"><\/div>\n\t\t<\/div>\n\t\t\t\t<\/div>\n\t\t\t\t<\/div>\n\t\t\t\t<\/div>\n\t\t<div class=\"elementor-element elementor-element-7831ff1 e-con-full e-flex e-con e-parent\" data-id=\"7831ff1\" data-element_type=\"container\" data-settings=\"{&quot;background_background&quot;:&quot;classic&quot;}\">\n\t\t\t\t<div class=\"elementor-element elementor-element-02e45af elementor-widget elementor-widget-spacer\" data-id=\"02e45af\" data-element_type=\"widget\" data-widget_type=\"spacer.default\">\n\t\t\t\t<div class=\"elementor-widget-container\">\n\t\t\t\t\t<div class=\"elementor-spacer\">\n\t\t\t<div class=\"elementor-spacer-inner\"><\/div>\n\t\t<\/div>\n\t\t\t\t<\/div>\n\t\t\t\t<\/div>\n\t\t<div class=\"elementor-element elementor-element-3420be9 e-flex e-con-boxed e-con e-child\" data-id=\"3420be9\" data-element_type=\"container\">\n\t\t\t\t\t<div class=\"e-con-inner\">\n\t\t<div class=\"elementor-element elementor-element-69e1ceb e-flex e-con-boxed e-con e-child\" data-id=\"69e1ceb\" data-element_type=\"container\">\n\t\t\t\t\t<div class=\"e-con-inner\">\n\t\t\t\t<div class=\"elementor-element elementor-element-206046f elementor-widget elementor-widget-heading\" data-id=\"206046f\" data-element_type=\"widget\" data-widget_type=\"heading.default\">\n\t\t\t\t<div class=\"elementor-widget-container\">\n\t\t\t<h2 class=\"elementor-heading-title elementor-size-default\">Gesti\u00f3n de Proyectos<\/h2>\t\t<\/div>\n\t\t\t\t<\/div>\n\t\t\t\t<div class=\"elementor-element elementor-element-16692eb elementor-widget elementor-widget-text-editor\" data-id=\"16692eb\" data-element_type=\"widget\" data-widget_type=\"text-editor.default\">\n\t\t\t\t<div class=\"elementor-widget-container\">\n\t\t\t<style>\/*! elementor - v3.23.0 - 15-07-2024 *\/\n.elementor-widget-text-editor.elementor-drop-cap-view-stacked .elementor-drop-cap{background-color:#69727d;color:#fff}.elementor-widget-text-editor.elementor-drop-cap-view-framed .elementor-drop-cap{color:#69727d;border:3px solid;background-color:transparent}.elementor-widget-text-editor:not(.elementor-drop-cap-view-default) .elementor-drop-cap{margin-top:8px}.elementor-widget-text-editor:not(.elementor-drop-cap-view-default) .elementor-drop-cap-letter{width:1em;height:1em}.elementor-widget-text-editor .elementor-drop-cap{float:left;text-align:center;line-height:1;font-size:50px}.elementor-widget-text-editor .elementor-drop-cap-letter{display:inline-block}<\/style>\t\t\t\t<p class=\"p1\">Weldmation cuenta con asociados especializados en proporcionar servicios dedicados para resolver problemas continuos en las instalaciones de los clientes. Nuestro enfoque hacia los problemas existentes es revisarlos desde una perspectiva externa. Comenzamos revisando los problemas por nosotros mismos sin entrevistar a los empleados del cliente. Quer\u00edamos asegurarnos de desarrollar una comprensi\u00f3n imparcial del problema antes de reunir datos hist\u00f3ricos de los clientes. Esto nos da una comprensi\u00f3n clara del problema completo y la capacidad de analizar las causas ra\u00edz.<\/p>\t\t\t\t\t\t<\/div>\n\t\t\t\t<\/div>\n\t\t\t\t\t<\/div>\n\t\t\t\t<\/div>\n\t\t<div class=\"elementor-element elementor-element-e320166 e-flex e-con-boxed e-con e-child\" data-id=\"e320166\" data-element_type=\"container\" data-settings=\"{&quot;background_background&quot;:&quot;classic&quot;}\">\n\t\t\t\t\t<div class=\"e-con-inner\">\n\t\t\t\t<div class=\"elementor-element elementor-element-0c5f071 elementor-widget elementor-widget-image\" data-id=\"0c5f071\" data-element_type=\"widget\" data-widget_type=\"image.default\">\n\t\t\t\t<div class=\"elementor-widget-container\">\n\t\t\t\t\t\t\t\t\t\t\t\t\t<img decoding=\"async\" width=\"810\" height=\"700\" src=\"https:\/\/weldmation.mx\/wp-content\/uploads\/2024\/06\/lkmsdlc.png\" class=\"attachment-large size-large wp-image-203\" alt=\"\" srcset=\"https:\/\/weldmation.mx\/wp-content\/uploads\/2024\/06\/lkmsdlc.png 810w, https:\/\/weldmation.mx\/wp-content\/uploads\/2024\/06\/lkmsdlc-300x259.png 300w, https:\/\/weldmation.mx\/wp-content\/uploads\/2024\/06\/lkmsdlc-768x664.png 768w\" sizes=\"(max-width: 810px) 100vw, 810px\" \/>\t\t\t\t\t\t\t\t\t\t\t\t\t<\/div>\n\t\t\t\t<\/div>\n\t\t\t\t\t<\/div>\n\t\t\t\t<\/div>\n\t\t\t\t\t<\/div>\n\t\t\t\t<\/div>\n\t\t\t\t<\/div>\n\t\t<div class=\"elementor-element elementor-element-0994d30 e-con-full e-flex e-con e-parent\" data-id=\"0994d30\" data-element_type=\"container\" data-settings=\"{&quot;background_background&quot;:&quot;classic&quot;}\">\n\t\t<div class=\"elementor-element elementor-element-2be997f e-flex e-con-boxed e-con e-child\" data-id=\"2be997f\" data-element_type=\"container\">\n\t\t\t\t\t<div class=\"e-con-inner\">\n\t\t<div class=\"elementor-element elementor-element-f511dc0 e-flex e-con-boxed e-con e-child\" data-id=\"f511dc0\" data-element_type=\"container\">\n\t\t\t\t\t<div class=\"e-con-inner\">\n\t\t\t\t<div class=\"elementor-element elementor-element-4aedef2 elementor-widget elementor-widget-heading\" data-id=\"4aedef2\" data-element_type=\"widget\" data-widget_type=\"heading.default\">\n\t\t\t\t<div class=\"elementor-widget-container\">\n\t\t\t<h2 class=\"elementor-heading-title elementor-size-default\">Servicios Profesionales Especializados\n\n<\/h2>\t\t<\/div>\n\t\t\t\t<\/div>\n\t\t\t\t<div class=\"elementor-element elementor-element-a2aaf03 elementor-widget elementor-widget-text-editor\" data-id=\"a2aaf03\" data-element_type=\"widget\" data-widget_type=\"text-editor.default\">\n\t\t\t\t<div class=\"elementor-widget-container\">\n\t\t\t\t\t\t\t<p class=\"p1\">En Weldmation, ofrecemos personal especializado para satisfacer las demandas m\u00e1s exigentes de diversas industrias. Nuestro equipo incluye ingenieros expertos en dise\u00f1o, HIL (Hardware-in-the-Loop), EDS &amp; Esquemas, pruebas de software, estudios de ergonom\u00eda, conectividad, calidad, dise\u00f1o y lanzamiento, gesti\u00f3n de valor (actividades de reducci\u00f3n de costos), an\u00e1lisis de productos de la competencia (enfoque forense para identificar el ADN del concepto de dise\u00f1o, elecci\u00f3n de materiales, ventajas de ensamblaje, etc.), software, metrolog\u00eda y pruebas f\u00edsicas. Estos profesionales est\u00e1n preparados para abordar proyectos complejos y garantizar resultados de alta calidad.<\/p><p class=\"p1\">Adem\u00e1s, contamos con t\u00e9cnicos especializados en calidad, mecanizado, garaje y ensamblaje, mantenimiento de maquinaria, controles de calidad, rob\u00f3tica, PLC, reparaci\u00f3n, etc. Cada miembro de nuestro equipo est\u00e1 altamente capacitado y comprometido con la excelencia, asegurando que sus proyectos se ejecuten de manera eficiente y efectiva. En Weldmation, nos enorgullecemos de ofrecer soluciones personalizadas y recursos humanos capacitados para impulsar el \u00e9xito de su negocio.<\/p>\t\t\t\t\t\t<\/div>\n\t\t\t\t<\/div>\n\t\t\t\t\t<\/div>\n\t\t\t\t<\/div>\n\t\t<div class=\"elementor-element elementor-element-e249641 e-flex e-con-boxed e-con e-child\" data-id=\"e249641\" data-element_type=\"container\" data-settings=\"{&quot;background_background&quot;:&quot;classic&quot;}\">\n\t\t\t\t\t<div class=\"e-con-inner\">\n\t\t\t\t<div class=\"elementor-element elementor-element-35d592e elementor-widget elementor-widget-image\" data-id=\"35d592e\" data-element_type=\"widget\" data-widget_type=\"image.default\">\n\t\t\t\t<div class=\"elementor-widget-container\">\n\t\t\t\t\t\t\t\t\t\t\t\t\t<img decoding=\"async\" width=\"600\" height=\"700\" src=\"https:\/\/weldmation.mx\/wp-content\/uploads\/2024\/06\/trabajador.png\" class=\"attachment-large size-large wp-image-176\" alt=\"\" srcset=\"https:\/\/weldmation.mx\/wp-content\/uploads\/2024\/06\/trabajador.png 600w, https:\/\/weldmation.mx\/wp-content\/uploads\/2024\/06\/trabajador-257x300.png 257w\" sizes=\"(max-width: 600px) 100vw, 600px\" \/>\t\t\t\t\t\t\t\t\t\t\t\t\t<\/div>\n\t\t\t\t<\/div>\n\t\t\t\t\t<\/div>\n\t\t\t\t<\/div>\n\t\t\t\t\t<\/div>\n\t\t\t\t<\/div>\n\t\t\t\t<\/div>\n\t\t<div class=\"elementor-element elementor-element-2d5f69a e-con-full e-flex e-con e-parent\" data-id=\"2d5f69a\" data-element_type=\"container\" data-settings=\"{&quot;background_background&quot;:&quot;classic&quot;}\">\n\t\t\t\t<div class=\"elementor-element elementor-element-c01bdbb elementor-widget elementor-widget-spacer\" data-id=\"c01bdbb\" data-element_type=\"widget\" data-widget_type=\"spacer.default\">\n\t\t\t\t<div class=\"elementor-widget-container\">\n\t\t\t\t\t<div class=\"elementor-spacer\">\n\t\t\t<div class=\"elementor-spacer-inner\"><\/div>\n\t\t<\/div>\n\t\t\t\t<\/div>\n\t\t\t\t<\/div>\n\t\t<div class=\"elementor-element elementor-element-04757c5 e-flex e-con-boxed e-con e-child\" data-id=\"04757c5\" data-element_type=\"container\">\n\t\t\t\t\t<div class=\"e-con-inner\">\n\t\t<div class=\"elementor-element elementor-element-cc8cca1 e-flex e-con-boxed e-con e-child\" data-id=\"cc8cca1\" data-element_type=\"container\">\n\t\t\t\t\t<div class=\"e-con-inner\">\n\t\t\t\t<div class=\"elementor-element elementor-element-246cd1d elementor-widget elementor-widget-heading\" data-id=\"246cd1d\" data-element_type=\"widget\" data-widget_type=\"heading.default\">\n\t\t\t\t<div class=\"elementor-widget-container\">\n\t\t\t<h2 class=\"elementor-heading-title elementor-size-default\">FABRICACI\u00d3N E INSTALACI\u00d3N<\/h2>\t\t<\/div>\n\t\t\t\t<\/div>\n\t\t\t\t<div class=\"elementor-element elementor-element-1f4f55e elementor-widget elementor-widget-text-editor\" data-id=\"1f4f55e\" data-element_type=\"widget\" data-widget_type=\"text-editor.default\">\n\t\t\t\t<div class=\"elementor-widget-container\">\n\t\t\t\t\t\t\t<p>En Weldmation, nos especializamos en la fabricaci\u00f3n y desarrollo de maquinaria avanzada para diversas industrias. Nuestro equipo de expertos se dedica a proporcionar servicios de alta calidad en todas las etapas del proceso productivo.<\/p><p>Proveemos servicios especializados en dise\u00f1o, ingenier\u00eda, creaci\u00f3n de prototipos, fabricaci\u00f3n, mecanizado de precisi\u00f3n, ensamblaje e inspecci\u00f3n. En Weldmation, nos comprometemos a garantizar que cada proyecto cumpla con los m\u00e1s altos est\u00e1ndares de calidad y eficiencia. Con nuestra experiencia y tecnolog\u00eda de punta, proporcionamos soluciones innovadoras y personalizadas que satisfacen las necesidades espec\u00edficas de nuestros clientes.<\/p><p><strong><span class=\"OYPEnA text-decoration-none text-strikethrough-none\">Nuestros servicios incluyen: dise\u00f1o, ingenier\u00eda, creaci\u00f3n de prototipos, mantenimiento, precisi\u00f3n de maquinaria, fabricaci\u00f3n e instalaci\u00f3n. <\/span><\/strong><\/p>\t\t\t\t\t\t<\/div>\n\t\t\t\t<\/div>\n\t\t\t\t\t<\/div>\n\t\t\t\t<\/div>\n\t\t<div class=\"elementor-element elementor-element-7d41228 e-flex e-con-boxed e-con e-child\" data-id=\"7d41228\" data-element_type=\"container\" data-settings=\"{&quot;background_background&quot;:&quot;classic&quot;}\">\n\t\t\t\t\t<div class=\"e-con-inner\">\n\t\t\t\t<div class=\"elementor-element elementor-element-c930697 elementor-widget elementor-widget-image\" data-id=\"c930697\" data-element_type=\"widget\" data-widget_type=\"image.default\">\n\t\t\t\t<div class=\"elementor-widget-container\">\n\t\t\t\t\t\t\t\t\t\t\t\t\t<img loading=\"lazy\" decoding=\"async\" width=\"1024\" height=\"1024\" src=\"https:\/\/weldmation.mx\/wp-content\/uploads\/2024\/06\/3-1024x1024.jpg\" class=\"attachment-large size-large wp-image-406\" alt=\"\" srcset=\"https:\/\/weldmation.mx\/wp-content\/uploads\/2024\/06\/3-1024x1024.jpg 1024w, https:\/\/weldmation.mx\/wp-content\/uploads\/2024\/06\/3-300x300.jpg 300w, https:\/\/weldmation.mx\/wp-content\/uploads\/2024\/06\/3-150x150.jpg 150w, https:\/\/weldmation.mx\/wp-content\/uploads\/2024\/06\/3-768x768.jpg 768w, https:\/\/weldmation.mx\/wp-content\/uploads\/2024\/06\/3-12x12.jpg 12w, https:\/\/weldmation.mx\/wp-content\/uploads\/2024\/06\/3.jpg 1080w\" sizes=\"(max-width: 1024px) 100vw, 1024px\" \/>\t\t\t\t\t\t\t\t\t\t\t\t\t<\/div>\n\t\t\t\t<\/div>\n\t\t\t\t\t<\/div>\n\t\t\t\t<\/div>\n\t\t\t\t\t<\/div>\n\t\t\t\t<\/div>\n\t\t\t\t<\/div>\n\t\t\t\t<\/div>\n\t\t","protected":false},"excerpt":{"rendered":"<p>nuestros servicios En Weldmation, ofrecemos una gama integral de Servicios Profesionales Especializados para diversas industrias Gesti\u00f3n de Proyectos Weldmation cuenta [&hellip;]<\/p>\n","protected":false},"author":1,"featured_media":0,"parent":0,"menu_order":0,"comment_status":"closed","ping_status":"closed","template":"","meta":{"site-sidebar-layout":"no-sidebar","site-content-layout":"","ast-site-content-layout":"full-width-container","site-content-style":"default","site-sidebar-style":"default","ast-global-header-display":"","ast-banner-title-visibility":"","ast-main-header-display":"","ast-hfb-above-header-display":"","ast-hfb-below-header-display":"","ast-hfb-mobile-header-display":"","site-post-title":"disabled","ast-breadcrumbs-content":"","ast-featured-img":"disabled","footer-sml-layout":"","theme-transparent-header-meta":"","adv-header-id-meta":"","stick-header-meta":"","header-above-stick-meta":"","header-main-stick-meta":"","header-below-stick-meta":"","astra-migrate-meta-layouts":"default","ast-page-background-enabled":"default","ast-page-background-meta":{"desktop":{"background-color":"var(--ast-global-color-4)","background-image":"","background-repeat":"repeat","background-position":"center center","background-size":"auto","background-attachment":"scroll","background-type":"","background-media":"","overlay-type":"","overlay-color":"","overlay-opacity":"","overlay-gradient":""},"tablet":{"background-color":"","background-image":"","background-repeat":"repeat","background-position":"center center","background-size":"auto","background-attachment":"scroll","background-type":"","background-media":"","overlay-type":"","overlay-color":"","overlay-opacity":"","overlay-gradient":""},"mobile":{"background-color":"","background-image":"","background-repeat":"repeat","background-position":"center center","background-size":"auto","background-attachment":"scroll","background-type":"","background-media":"","overlay-type":"","overlay-color":"","overlay-opacity":"","overlay-gradient":""}},"ast-content-background-meta":{"desktop":{"background-color":"var(--ast-global-color-5)","background-image":"","background-repeat":"repeat","background-position":"center center","background-size":"auto","background-attachment":"scroll","background-type":"","background-media":"","overlay-type":"","overlay-color":"","overlay-opacity":"","overlay-gradient":""},"tablet":{"background-color":"var(--ast-global-color-5)","background-image":"","background-repeat":"repeat","background-position":"center center","background-size":"auto","background-attachment":"scroll","background-type":"","background-media":"","overlay-type":"","overlay-color":"","overlay-opacity":"","overlay-gradient":""},"mobile":{"background-color":"var(--ast-global-color-5)","background-image":"","background-repeat":"repeat","background-position":"center center","background-size":"auto","background-attachment":"scroll","background-type":"","background-media":"","overlay-type":"","overlay-color":"","overlay-opacity":"","overlay-gradient":""}},"_joinchat":[],"footnotes":""},"class_list":["post-173","page","type-page","status-publish","hentry"],"_links":{"self":[{"href":"https:\/\/weldmation.mx\/index.php?rest_route=\/wp\/v2\/pages\/173"}],"collection":[{"href":"https:\/\/weldmation.mx\/index.php?rest_route=\/wp\/v2\/pages"}],"about":[{"href":"https:\/\/weldmation.mx\/index.php?rest_route=\/wp\/v2\/types\/page"}],"author":[{"embeddable":true,"href":"https:\/\/weldmation.mx\/index.php?rest_route=\/wp\/v2\/users\/1"}],"replies":[{"embeddable":true,"href":"https:\/\/weldmation.mx\/index.php?rest_route=%2Fwp%2Fv2%2Fcomments&post=173"}],"version-history":[{"count":46,"href":"https:\/\/weldmation.mx\/index.php?rest_route=\/wp\/v2\/pages\/173\/revisions"}],"predecessor-version":[{"id":581,"href":"https:\/\/weldmation.mx\/index.php?rest_route=\/wp\/v2\/pages\/173\/revisions\/581"}],"wp:attachment":[{"href":"https:\/\/weldmation.mx\/index.php?rest_route=%2Fwp%2Fv2%2Fmedia&parent=173"}],"curies":[{"name":"wp","href":"https:\/\/api.w.org\/{rel}","templated":true}]}}